{"id":176,"date":"2013-03-31T21:43:16","date_gmt":"2013-03-31T19:43:16","guid":{"rendered":"http:\/\/www.auf2raedern.de\/wordpress\/?page_id=176"},"modified":"2013-12-01T21:00:50","modified_gmt":"2013-12-01T20:00:50","slug":"meine-packliste","status":"publish","type":"page","link":"https:\/\/www.auf2raedern.de\/wordpress\/meine-packliste\/","title":{"rendered":"meine Packliste"},"content":{"rendered":"<p><span style=\"font-size: medium;\">Im Laufe der verschiedenen Radwanderungen habe ich versucht,<\/span><\/p>\n<p style=\"padding-left: 30px;\"><span style=\"font-size: small;\"><strong>a) m\u00f6glichst wenig mit aufs Rad zu nehmen und<\/strong><\/span><\/p>\n<p style=\"padding-left: 30px;\"><span style=\"font-size: small;\"><strong>b) meine Ortlieb-Taschen m\u00f6glichst optimal zu packen.<\/strong><\/span><\/p>\n<p><span style=\"font-size: small;\">Nach der 3-Fl\u00fcsse-Tour in 2012\u00a0 ist folgendes dabei herausgekommen (\u00dcbernachtung in Pensionen und Jugendherbergen):<\/span><\/p>\n<table style=\"width: 640px; height: 600px;\" border=\"0\" cellspacing=\"1\" cellpadding=\"2\">\n<tbody>\n<tr style=\"height: 20px;\">\n<td style=\"border-color: #003300; border-style: solid; border-width: 1px; background-color: #ccff99;\"><strong>vorne links 3kg<\/strong><\/td>\n<td style=\"border-color: #003300; border-style: solid; border-width: 1px; background-color: #ccff99;\"><strong>vorne rechts 3,5 kg<\/strong><\/td>\n<td style=\"border-color: #003300; border-style: solid; border-width: 1px; background-color: #ccff99;\"><strong>hinten links 6 kg<\/strong><\/td>\n<td style=\"border-color: #003300; border-style: solid; border-width: 1px; background-color: #ccff99;\"><strong>hinten rechts 7,5 kg<\/strong><\/td>\n<\/tr>\n<tr>\n<td style=\"border-color: #003300; border-style: solid; border-width: 1px; background-color: #ccff99;\"><span style=\"font-size: small;\">Reserve<\/span><\/td>\n<td style=\"border-color: #003300; border-style: solid; border-width: 1px; background-color: #ccff99;\"><span style=\"font-size: small;\">Wasserflasche 0,5 l<\/span><\/td>\n<td style=\"border-color: #003300; border-style: solid; border-width: 1px; background-color: #ccff99;\"><span style=\"font-size: small;\">Fernglas<\/span><\/td>\n<td style=\"border-color: #003300; border-style: solid; border-width: 1px; background-color: #ccff99;\"><span style=\"font-size: small;\">Handtuch, Badetuch, Waschlappen, Badehose Schlafw\u00e4sche (Boxershort und T-Shirt)<\/span><\/td>\n<\/tr>\n<tr>\n<td style=\"border-color: #003300; border-style: solid; border-width: 1px; background-color: #ccff99;\"><span style=\"font-size: small;\">Proviant, Brot-\/Tupperdose<\/span><\/td>\n<td style=\"border-color: #003300; border-style: solid; border-width: 1px; background-color: #ccff99;\"><span style=\"font-size: small;\">Hosenschoner, Erste Hilfe Material<\/span><\/td>\n<td style=\"border-color: #003300; border-style: solid; border-width: 1px; background-color: #ccff99;\"><span style=\"font-size: small;\">Kulturbeutel, kurze Radlerhose mit Einsatz<\/span><\/td>\n<td style=\"border-color: #003300; border-style: solid; border-width: 1px; background-color: #ccff99;\"><span style=\"font-size: small;\">Ausgehzeug, T-Shirt und Hemden<\/span><\/td>\n<\/tr>\n<tr>\n<td style=\"border-color: #003300; border-style: solid; border-width: 1px; background-color: #ccff99;\"><span style=\"font-size: small;\">\u00a0Sitzunterlage<\/span><\/td>\n<td style=\"border-color: #003300; border-style: solid; border-width: 1px; background-color: #ccff99;\"><span style=\"font-size: small;\">\u00a0Radweste und -Jacke Schirmm\u00fctze<\/span><\/td>\n<td style=\"border-color: #003300; border-style: solid; border-width: 1px; background-color: #ccff99;\"><span style=\"font-size: small;\">\u00a0Foto-\/Handy-Ladeger\u00e4t<\/span><\/td>\n<td style=\"border-color: #003300; border-style: solid; border-width: 1px; background-color: #ccff99;\"><span style=\"font-size: small;\">\u00a0Unterw\u00e4sche, Socken, Taschent\u00fccher, Langarmshirt<\/span><\/td>\n<\/tr>\n<tr>\n<td style=\"border-color: #003300; border-style: solid; border-width: 1px; background-color: #ccff99;\"><span style=\"font-size: small;\">\u00a0Trinkbecher<\/span><\/td>\n<td style=\"border-color: #003300; border-style: solid; border-width: 1px; background-color: #ccff99;\"><span style=\"font-size: small;\">\u00a0Ausgehschuhe<\/span><\/td>\n<td style=\"border-color: #003300; border-style: solid; border-width: 1px; background-color: #ccff99;\"><span style=\"font-size: small;\">\u00a0Infos von unterwegs als \u201eArchiv\u201c<\/span><\/td>\n<td style=\"border-color: #003300; border-style: solid; border-width: 1px; background-color: #ccff99;\"><span style=\"font-size: small;\">\u00a0Reserve Windstopper-Unterhemd, Reserve Radlershirt<\/span><\/td>\n<\/tr>\n<tr>\n<td style=\"border-color: #003300; border-style: solid; border-width: 1px; background-color: #ccff99;\"><span style=\"font-size: small;\">\u00a0Tupperteller + Besteck, Plastikt\u00fcte, leer<\/span><\/td>\n<td style=\"border-color: #003300; border-style: solid; border-width: 1px; background-color: #ccff99;\"><span style=\"font-size: small;\">\u00a0Ortliebrolle, Spanngummis, Plastikt\u00fcte, leer<\/span><\/td>\n<td style=\"border-color: #003300; border-style: solid; border-width: 1px; background-color: #ccff99;\"><span style=\"font-size: small;\">\u00a0Pullover, ZipphoseWerkzeuge, Ersatzteile<\/span><\/td>\n<td style=\"border-color: #003300; border-style: solid; border-width: 1px; background-color: #ccff99;\"><span style=\"font-size: small;\">\u00a0&#8212;&#8212;&#8212;<\/span><\/td>\n<\/tr>\n<\/tbody>\n<\/table>\n<p>&nbsp;<\/p>\n<p><b>Fototasche<\/b> <span style=\"font-size: small;\">mit Regenschutz<\/span> <b>1 kg<\/b><\/p>\n<p><b>Au\u00dfentasche hinten links<\/b>: <span style=\"font-size: small;\">Regencape<\/span><\/p>\n<p><b>Lenkertasche <\/b><b>1 kg: <\/b><span style=\"font-size: small;\">Handy, Papiere, Notizbuch +2 Kugelschreiber, Taschenmesser, Ersatzbatterien und Etui H\u00f6rger\u00e4t, 1 LED Taschenlampe<\/span><\/p>\n<p><b>Satteltasche:<\/b><b>\u00a0\u00a0 <span style=\"font-size: small;\">U<\/span><\/b><span style=\"font-size: small;\">niversalwerkzeug (Inbus), Lappen, Monteurhandschuhe<\/span><\/p>\n<p><b>Ortlieb-Rolle klein leer: als Reserve<\/b><\/p>\n<p><span style=\"font-size: small;\">F\u00fcr Touren mit dem Zelt kommen das Zelt, Isomatte, Schlafsack und Kochgeschirr dazu. Dann verwende ich hinten auf dem Gep\u00e4chtr\u00e4ger noch eine mittelgro\u00dfe Ortlieb-Rolle.<\/span><\/p>\n<p><span style=\"font-size: small;\">Im Einzelnen habe ich dabei:<\/span><\/p>\n<table border=\"0\" cellspacing=\"0\" cellpadding=\"0\">\n<tbody>\n<tr>\n<td style=\"border-color: #003300; background-color: #ccff99; border-style: solid; border-width: 1px;\"><b>Fahrradschl\u00f6sser <\/b><span style=\"font-size: small;\">mit Ersatzschl\u00fcssel\u00a0<\/span>\u00a0 <b>Fahrradtacho<\/b><b> <\/b><span style=\"font-size: small;\">km-Stand (Start) notieren!<\/span><\/td>\n<\/tr>\n<tr>\n<td style=\"border-color: #003300; background-color: #ccff99; border-style: solid; border-width: 1px;\"><b>Wasserflaschen:\u00a0<\/b><b>\u00a0\u00a0\u00a0\u00a0\u00a0\u00a0 am Rad <\/b>(1l)<b> und <\/b><b>VR<\/b> (1 x 0,5 l)<\/td>\n<\/tr>\n<tr>\n<td style=\"border-color: #003300; background-color: #ccff99; border-style: solid; border-width: 1px;\"><b>Werkzeug:\u00a0 <\/b><span style=\"font-size: small;\"> Luftpumpe\u00a0 &#8211; Schlitz-Schraubendreher\u00a0 &#8211; Kreuzschlitz-Schraubendreher- Maulschl\u00fcssel-Sortiment \u2013 Innensechskantschl\u00fcssel \u2013 kleine Kombizange- Nippelspanner\u00a0 &#8211; Reifenheber\u00a0 &#8211; Kettennieten-Dr\u00fccker &#8211; Nabenschl\u00fcssel -(Schweizer Offiziersmesser am Mann)\u00a0<\/span> <b>HL unten<\/b><\/td>\n<\/tr>\n<tr>\n<td style=\"border-color: #003300; background-color: #ccff99; border-style: solid; border-width: 1px;\"><b>Ersatzteile:<\/b> <span style=\"font-size: small;\"> Flickzeug (Gummil\u00f6sung, Flicken, Sandpapier)- Ersatzkette \u2013 Ersatzspeichen vorne und hinten \u2013 Nietstifte f\u00fcr Kette &#8211; Schrauben- und Kleinteile-Sortiment &#8211;<\/span> <b>HL unten<\/b><\/td>\n<\/tr>\n<tr>\n<td style=\"border-color: #003300; background-color: #ccff99; border-style: solid; border-width: 1px;\"><strong>Gesundheit:<\/strong><span style=\"font-size: small;\"> Impfbuch\u00a0 &#8211; Krankenversicherungskarte (in Deutschland) zu den Papieren, Tabletten, \u00a0\u00a0 Lenkertasche bzw. Im Portemonnaie, H\u00f6rger\u00e4t: Ersatzbatterien + Etui in Lenkertasche<\/span><\/td>\n<\/tr>\n<tr>\n<td style=\"border-color: #003300; background-color: #ccff99; border-style: solid; border-width: 1px;\"><b>Erste-Hilfe:<\/b>\u00a0 <span style=\"font-size: small;\">&#8211; Rot-Kreuz-P\u00e4ckchen<\/span> <b>VR <\/b><\/td>\n<\/tr>\n<tr>\n<td valign=\"top\" width=\"636\">\n<h3 align=\"center\"><\/h3>\n<h3 align=\"center\"><strong>Klamotten &amp; Co.<\/strong><\/h3>\n<\/td>\n<\/tr>\n<tr>\n<td style=\"border-color: #003300; background-color: #ccff99; border-style: solid; border-width: 1px;\"><b>Zum Radfahren:\u00a0<\/b><span style=\"font-size: small;\">1 Radelhose kurz, 1 Radel-Hemd (alle 3 \u2013 4 Tage auswaschen, tags\u00fcber zum Radeln, abends l\u00fcften), 1 Radel-Unterhemd (alle 3 \u2013 4 Tage auswaschen, tags\u00fcber zum Radeln, abends l\u00fcften), Rad-Weste, Rad-Schuhe, Regenjacke<\/span> <b>am Mann<\/b><b> oder <\/b><b>VR griffbereit <\/b><\/td>\n<\/tr>\n<tr>\n<td style=\"border-color: #003300; background-color: #ccff99; border-style: solid; border-width: 1px;\"><span style=\"font-size: small;\">1 Ausgehhose, 1 T-Shirt, 1 Hemd (reichen, nur abends nach Duschen anziehen), 1 Kurzarmtrikot, Langarmtrikot, Badehose, Taschent\u00fccher\u00a0<\/span> <b>HR<br \/>\n<\/b><span style=\"font-size: small;\">Pullover:<\/span> <b>HL greifbar<\/b><b><br \/>\n<\/b><span style=\"font-size: small;\">Rad-Weste und\/oder Regenjacke<b> <\/b>&#8211; 1 Schirmm\u00fctze<\/span><b>\u00a0 <\/b><b>VR<\/b><\/td>\n<\/tr>\n<tr>\n<td style=\"border-color: #003300; background-color: #ccff99; border-style: solid; border-width: 1px;\"><b>.<\/b><b>.. und drunter:<\/b><b><br \/>\n2<\/b> <span style=\"font-size: small;\">x Unterhemd (nur abends nach Duschen anziehen)\u00a0 7 x Unterhose , 7 Paar Socken\u00a0\u00a0<\/span>\u00a0\u00a0 <b>HR<\/b><\/td>\n<\/tr>\n<tr>\n<td style=\"border-color: #003300; background-color: #ccff99; border-style: solid; border-width: 1px;\"><b>Sonstiges: <\/b>\u00a0<span style=\"font-size: small;\">\u00a0 1 (Kleines) Handtuch\u00a0 1 Badetuch (im Sommer wichtig!) <b>\u00a0<\/b>\u00a01 Waschlappen\u00a0 -1 Schlafw\u00e4sche\u00a0<\/span> \u00a0\u00a0\u00a0\u00a0<b>HR<\/b><b><br \/>\n<\/b>\u00a0\u00a0\u00a0\u00a0 <span style=\"font-size: small;\">Regencape<\/span> <b>in Packtasche<\/b> <b>VR oben<\/b><b>\u201eKulturbeutel \/ Medizin \/ H\u00f6rger\u00e4t:<\/b><b><br \/>\n<\/b>\u00a0\u00a0<span style=\"font-size: small;\"> Seife, Rasierapparat,\u00a0 Zahnb\u00fcrste, Zahnpasta, Rei in der Tube, Shampoo,\u00a0 Sonnen\u00f6l &#8211; Tabletten <\/span><b>H\u00f6rger\u00e4t<\/b>: <span style=\"font-size: small;\">Trockenger\u00e4t \u2013 Reinigungsbenzin, Reservebatterien<\/span> \u2013<b>HL<\/b><\/td>\n<\/tr>\n<tr>\n<td style=\"border-color: #003300; background-color: #ccff99; border-style: solid; border-width: 1px;\"><b>Finanzen &amp; Papierkram, Handy:<\/b><span style=\"font-size: small;\">Portemonnaie\u00a0<\/span> <b>am Mann\u00a0<\/b><span style=\"font-size: small;\"><b><\/b> JH-Ausweis &#8211; Fahrkarten und Tickets\u00a0 &#8211; wichtige Adressen und\u00a0 Rufnummern im Ausland &#8211; Handy<\/span> (<b>am Mann<\/b>), <span style=\"font-size: small;\">Handyladeger\u00e4t<\/span> <b>H<\/b><b>L<\/b> , <span style=\"font-size: small;\">2 Kugelschreiber, Notizbuch<\/span> <b>Lenkertasche in Plastiktasche<\/b><\/td>\n<\/tr>\n<tr>\n<td style=\"border-color: #003300; background-color: #ccff99; border-style: solid; border-width: 1px;\"><b>Fotoausr\u00fcstung, Optik:\u00a0 <\/b><span style=\"font-size: small;\">Kamera\u00a0 in<\/span> <b>Kameratasche<\/b> <b>am Mann<\/b>. <span style=\"font-size: small;\">Ladeger\u00e4te<\/span> <b>HL<\/b>\u00a0 <span style=\"font-size: small;\">Fernglas (HL f\u00fcr die Anreise)\u00a0\u00a0<\/span> <b>am Mann<\/b><\/td>\n<\/tr>\n<tr>\n<td style=\"border-color: #003300; background-color: #ccff99; border-style: solid; border-width: 1px;\"><strong>L\u00f6ffel-Gabel und Tupperteller<\/strong> <span style=\"font-size: small;\">mit Deckel: VL, , Ausgehschuhe, Radweste, Regenjacke HR<\/span><\/td>\n<\/tr>\n<tr>\n<td style=\"border-color: #003300; background-color: #ccff99; border-style: solid; border-width: 1px;\"><b>Kleinkram:\u00a0\u00a0<\/b><b> <\/b><span style=\"font-size: small;\">1 LED Taschenlampe, 1 Taschenmesser (am Mann) in<\/span> <b>Lenkertasche<\/b> &#8211; <span style=\"font-size: small;\">Sitzkissen<\/span>,\u00a0\u00a0 <b>VL<\/b><\/td>\n<\/tr>\n<tr>\n<td style=\"border-color: #003300; background-color: #ccff99; border-style: solid; border-width: 1px;\"><b>\u201eEin bi\u00dfchen Luxus\u201c: <\/b><span style=\"font-size: small;\">1 Vogelbestimmungsbuch Parey,\u00a0 Literatur<\/span><\/td>\n<\/tr>\n<\/tbody>\n<\/table>\n","protected":false},"excerpt":{"rendered":"<p>Im Laufe der verschiedenen Radwanderungen habe ich versucht, a) m\u00f6glichst wenig mit aufs Rad zu nehmen und b) meine Ortlieb-Taschen m\u00f6glichst optimal zu packen. Nach der 3-Fl\u00fcsse-Tour in 2012\u00a0 ist folgendes dabei herausgekommen (\u00dcbernachtung in Pensionen und Jugendherbergen): vorne links &hellip; <a href=\"https:\/\/www.auf2raedern.de\/wordpress\/meine-packliste\/\">Weiterlesen <span class=\"meta-nav\">&rarr;<\/span><\/a><\/p>\n","protected":false},"author":1,"featured_media":0,"parent":0,"menu_order":5,"comment_status":"open","ping_status":"closed","template":"","meta":{"footnotes":""},"class_list":["post-176","page","type-page","status-publish","hentry"],"_links":{"self":[{"href":"https:\/\/www.auf2raedern.de\/wordpress\/wp-json\/wp\/v2\/pages\/176","targetHints":{"allow":["GET"]}}],"collection":[{"href":"https:\/\/www.auf2raedern.de\/wordpress\/wp-json\/wp\/v2\/pages"}],"about":[{"href":"https:\/\/www.auf2raedern.de\/wordpress\/wp-json\/wp\/v2\/types\/page"}],"author":[{"embeddable":true,"href":"https:\/\/www.auf2raedern.de\/wordpress\/wp-json\/wp\/v2\/users\/1"}],"replies":[{"embeddable":true,"href":"https:\/\/www.auf2raedern.de\/wordpress\/wp-json\/wp\/v2\/comments?post=176"}],"version-history":[{"count":15,"href":"https:\/\/www.auf2raedern.de\/wordpress\/wp-json\/wp\/v2\/pages\/176\/revisions"}],"predecessor-version":[{"id":768,"href":"https:\/\/www.auf2raedern.de\/wordpress\/wp-json\/wp\/v2\/pages\/176\/revisions\/768"}],"wp:attachment":[{"href":"https:\/\/www.auf2raedern.de\/wordpress\/wp-json\/wp\/v2\/media?parent=176"}],"curies":[{"name":"wp","href":"https:\/\/api.w.org\/{rel}","templated":true}]}}