{"id":25,"date":"2013-03-25T17:07:18","date_gmt":"2013-03-25T15:07:18","guid":{"rendered":"http:\/\/www.auf2raedern.de\/wordpress\/?page_id=25"},"modified":"2015-06-13T08:52:11","modified_gmt":"2015-06-13T06:52:11","slug":"radtouren-in-der-region","status":"publish","type":"page","link":"https:\/\/www.auf2raedern.de\/wordpress\/radtouren-in-der-region\/","title":{"rendered":"Radtouren in der Region"},"content":{"rendered":"<p>Ich habe verschiedene <strong>Links zu Touren in der Region<\/strong> s\u00fcdlich von Hamburg-Harburg mit den n\u00e4chstgelegenen Einstiegen in Seevetal zusammengestellt:<\/p>\n<table class=\"alignleft\" border=\"0\" align=\"left\">\n<caption><span style=\"font-size: large;\"><strong>(teilweise) in Seevetal<br \/>\n<\/strong><\/span><\/caption>\n<tbody>\n<tr>\n<td><a title=\"Gesamtes Tourenangebot\" href=\"http:\/\/www.seevetal.de\/regional\/touren\/ubersicht.html?naviID=10000525&amp;brotID=10000525&amp;http:\/\/\" target=\"_blank\"><strong>Gesamtes Tourenangebot<\/strong><\/a><\/td>\n<td>von der Gemeinde Seevetal und dem Landkreis Harburg mit Tourenflyer zum Download<\/td>\n<\/tr>\n<tr>\n<td><a title=\"Drei-Seen-Tour\" href=\"http:\/\/navigator.landkreis-harburg.de\/tour-10000001-20200.html\" target=\"_blank\"><strong>Drei-Seen-Tour<\/strong><\/a><\/td>\n<td>Einstieg: <em>Meckelfeld, Maschen, Over, H\u00f6rsten<\/em> \u00a0 \u00a0 \u00a0 \u00a0 mit Flyer \u00a0\u00a0 \u00a0ca. 20 km<\/td>\n<\/tr>\n<tr>\n<td><a title=\"Von Hittfeld \u00fcber die Berge\" href=\"http:\/\/navigator.landkreis-harburg.de\/tour-10000002-20200.html\" target=\"_blank\"><strong>Von Hittfeld \u00fcber die Berge<\/strong><\/a><\/td>\n<td>Einstieg: <em>Hittfeld, Fleestedt<\/em> \u00a0 mit Flyer \u00a0\u00a0 \u00a0ca. 16 km<\/td>\n<\/tr>\n<tr>\n<td><a title=\"Zu den M\u00fchlen und Museen\" href=\"http:\/\/navigator.landkreis-harburg.de\/tour-10000003-20200.html\" target=\"_blank\"><strong>Zu den M\u00fchlen und Museen<\/strong><\/a><\/td>\n<td>Einstieg: <em>Hittfeld \u00a0 \u00a0<\/em> mit Flyer \u00a0\u00a0 \u00a0ca. 29 km<\/td>\n<\/tr>\n<tr>\n<td><a title=\"H\u00fcnengrab und Kiekeberg\" href=\"http:\/\/navigator.landkreis-harburg.de\/tour-910000001-20200.html\" target=\"_blank\"><strong>H\u00fcnengrab und Kiekeberg<\/strong><\/a><\/td>\n<td>Einstieg: <em>Hittfeld, Ramelsloh<\/em> \u00a0 \u00a0 mit Flyer \u00a0\u00a0 \u00a0ca. 47 km<\/td>\n<\/tr>\n<tr>\n<td><a title=\"Marschhufend\u00f6rfer\" href=\"http:\/\/navigator.landkreis-harburg.de\/tour-910000002-20200.html\" target=\"_blank\"><strong>Marschhufentour<\/strong><\/a><\/td>\n<td>Einstieg: <em>Over, Maschen, Ramelsloh, Holtorfsloh<\/em>\u00a0\u00a0\u00a0\u00a0\u00a0\u00a0\u00a0\u00a0 mit Flyer \u00a0\u00a0 \u00a0ca. 44 km<\/td>\n<\/tr>\n<tr>\n<td><strong><a title=\"Seeve-Radweg, Ring 2\" href=\"http:\/\/navigator.landkreis-harburg.de\/tour-7000022-20150.html\" target=\"_blank\">Seeve-Radweg Ring 2<\/a><\/strong><\/td>\n<td>Durch die Seeveaue (Einstieg: <em>Lindhorst, Horster M\u00fchle<\/em>) mit Flyer \u00a0\u00a0 \u00a0ca. 33 km<\/td>\n<\/tr>\n<tr>\n<td><a title=\"Seeve-Radweg, Ring 3\" href=\"http:\/\/navigator.landkreis-harburg.de\/tour-7000023-20150.html\" target=\"_blank\"><strong>Seeve-Radweg Ring 3<\/strong><\/a><\/td>\n<td>Zur Seevem\u00fcndung an die Elbe (Einstieg: <em>diverse<\/em>) mit Flyer \u00a0\u00a0 \u00a0ca. 33 km<\/td>\n<\/tr>\n<tr>\n<td><\/td>\n<td><\/td>\n<\/tr>\n<tr>\n<td><\/td>\n<td><span style=\"font-size: large;\"><strong>weitere Touren<\/strong><\/span><\/td>\n<\/tr>\n<tr>\n<td><a title=\"Durch den Klecker Wald\" href=\"http:\/\/navigator.landkreis-harburg.de\/tour-910000005-20200.html\" target=\"_blank\"><strong>Durch den Klecker Wald<\/strong><\/a><\/td>\n<td>n\u00e4chstm\u00f6glicher Einstieg: <em>Klecken\u00a0\u00a0\u00a0<\/em> mit Flyer \u00a0\u00a0 \u00a0ca. 26 km<\/td>\n<\/tr>\n<tr>\n<td><a title=\"Seeve-Radweg, Ring 1\" href=\"http:\/\/navigator.landkreis-harburg.de\/tour-7000021-20150.html\" target=\"_blank\"><strong>Seeve-Radweg Ring 1<\/strong><\/a><\/td>\n<td>Von der Quelle durch die Heide (n\u00e4chstm\u00f6glicher Einstieg: <em>L\u00fcllau<\/em>) mit Flyer \u00a0\u00a0 \u00a0ca. 28 km<\/td>\n<\/tr>\n<tr>\n<td><a title=\"Vereinsroute\" href=\"http:\/\/navigator.landkreis-harburg.de\/tour-910000014-20200.html\" target=\"_blank\"><strong>Vereinsroute<\/strong><\/a><\/td>\n<td>n\u00e4chstm\u00f6glicher Einstieg: <em>Hittfeld, Ramelsloh<\/em>\u00a0\u00a0\u00a0\u00a0\u00a0\u00a0\u00a0\u00a0\u00a0 mit Flyer \u00a0\u00a0 \u00a0ca. 53 km<\/td>\n<\/tr>\n<tr>\n<td><\/td>\n<td><\/td>\n<\/tr>\n<tr>\n<td><\/td>\n<td><\/td>\n<\/tr>\n<\/tbody>\n<\/table>\n<p>&nbsp;<\/p>\n<p><strong>Weitere Tourenvorschl\u00e4ge folgen nach und nach.<\/strong><\/p>\n","protected":false},"excerpt":{"rendered":"<p>Ich habe verschiedene Links zu Touren in der Region s\u00fcdlich von Hamburg-Harburg mit den n\u00e4chstgelegenen Einstiegen in Seevetal zusammengestellt: (teilweise) in Seevetal Gesamtes Tourenangebot von der Gemeinde Seevetal und dem Landkreis Harburg mit Tourenflyer zum Download Drei-Seen-Tour Einstieg: Meckelfeld, Maschen, &hellip; <a href=\"https:\/\/www.auf2raedern.de\/wordpress\/radtouren-in-der-region\/\">Weiterlesen <span class=\"meta-nav\">&rarr;<\/span><\/a><\/p>\n","protected":false},"author":1,"featured_media":0,"parent":0,"menu_order":3,"comment_status":"open","ping_status":"open","template":"","meta":{"footnotes":""},"class_list":["post-25","page","type-page","status-publish","hentry"],"_links":{"self":[{"href":"https:\/\/www.auf2raedern.de\/wordpress\/wp-json\/wp\/v2\/pages\/25","targetHints":{"allow":["GET"]}}],"collection":[{"href":"https:\/\/www.auf2raedern.de\/wordpress\/wp-json\/wp\/v2\/pages"}],"about":[{"href":"https:\/\/www.auf2raedern.de\/wordpress\/wp-json\/wp\/v2\/types\/page"}],"author":[{"embeddable":true,"href":"https:\/\/www.auf2raedern.de\/wordpress\/wp-json\/wp\/v2\/users\/1"}],"replies":[{"embeddable":true,"href":"https:\/\/www.auf2raedern.de\/wordpress\/wp-json\/wp\/v2\/comments?post=25"}],"version-history":[{"count":12,"href":"https:\/\/www.auf2raedern.de\/wordpress\/wp-json\/wp\/v2\/pages\/25\/revisions"}],"predecessor-version":[{"id":889,"href":"https:\/\/www.auf2raedern.de\/wordpress\/wp-json\/wp\/v2\/pages\/25\/revisions\/889"}],"wp:attachment":[{"href":"https:\/\/www.auf2raedern.de\/wordpress\/wp-json\/wp\/v2\/media?parent=25"}],"curies":[{"name":"wp","href":"https:\/\/api.w.org\/{rel}","templated":true}]}}