{"id":944,"date":"2016-09-26T18:32:30","date_gmt":"2016-09-26T16:32:30","guid":{"rendered":"http:\/\/www.auf2raedern.de\/wordpress\/?page_id=944"},"modified":"2016-11-08T23:03:36","modified_gmt":"2016-11-08T22:03:36","slug":"neckartalradweg-und-teil-des-rheinradwegs-2016","status":"publish","type":"page","link":"https:\/\/www.auf2raedern.de\/wordpress\/radwanderungen\/neckartalradweg-und-teil-des-rheinradwegs-2016\/","title":{"rendered":"Neckartalradweg und Teil des Rheinradwegs 2016"},"content":{"rendered":"<p><strong><span style=\"font-size: small; color: #0000ff;\"><span style=\"font-size: medium;\">Herzlich willkommen zur Radtour an Neckar und Rhein!<\/span><\/span><\/strong><\/p>\n<h4><strong>Hinweise<\/strong> zu den in den einzelnen Tagesberichten enthaltenen Bildern und Karten:<\/h4>\n<p style=\"padding-left: 30px;\"><strong><span style=\"color: #0000ff;\">Durch Klick auf ein Bild <\/span><\/strong><span style=\"color: #0000ff;\">l\u00e4sst sich dieses vergr\u00f6\u00dfern.<\/span><strong><span style=\"color: #0000ff;\"><br \/>\n<\/span><span style=\"color: #0000ff;\">Die <\/span><\/strong><span style=\"color: #0000ff;\"><strong>Routen auf den Karten<\/strong> entsprechen unserer <em>tats\u00e4chlich<\/em> gefahrenen Strecke (aufgezeichnet durch <a href=\"https:\/\/buy.garmin.com\/de-DE\/DE\/cIntoSports-cCycling-p1.html\" target=\"_blank\">Garmin<\/a> (hat Werner am Rad) und <a href=\"https:\/\/play.google.com\/store\/apps\/details?id=de.rooehler.bikecomputer.pro&amp;hl=de\" target=\"_blank\">Bike Computer Pro<\/a><\/span><span style=\"color: #0000ff;\"> (habe ich auf dem Smartphone))<\/span><strong><span style=\"color: #0000ff;\"><br \/>\n<\/span><\/strong><\/p>\n<h4><span style=\"font-size: small; color: #0000ff;\"><span style=\"font-size: medium;\"><strong>\u00dcbersichtstabelle<\/strong><\/span><\/span><\/h4>\n<p><span style=\"font-size: small;\"><span style=\"font-size: small !important;\"><strong>(<span style=\"color: #0000ff;\">durch Klick auf das Datum gelangen Sie zum entsprechenden Tagesbericht<\/span>):<\/strong><\/span> <\/span><\/p>\n<table class=\"gruene_tabelle\" width=\"800\">\n<thead>\n<tr>\n<td height=\"20\"><span style=\"font-size: small;\"><strong>Datum<\/strong><\/span><\/td>\n<td><span style=\"font-size: small;\"><strong>von&#8230;<\/strong><\/span><\/td>\n<td><span style=\"font-size: small;\"><strong>bis&#8230;<\/strong><\/span><\/td>\n<td><span style=\"font-size: small;\"><strong>Tages-km<\/strong><\/span><\/td>\n<td><span style=\"font-size: small;\"><strong>Gesamt-km<\/strong><\/span><\/td>\n<td><span style=\"font-size: small;\"><strong>Fahrzeit<\/strong><\/span><\/td>\n<td><span style=\"font-size: small;\"><strong>km\/h, Schnitt <\/strong><\/span><\/td>\n<td><span style=\"font-size: small;\"><strong>km\/h, max. <\/strong><\/span><\/td>\n<td style=\"font-size: small;\"><strong>H\u00f6hen- meter <\/strong><\/td>\n<\/tr>\n<\/thead>\n<tbody>\n<tr>\n<td height=\"20\"><span style=\"font-size: small;\"><a href=\"https:\/\/www.auf2raedern.de\/wordpress\/radwanderungen\/neckartalradweg-und-teil-des-rheinradwegs-2016\/anreise-13-09-2016\/\" name=\"anfang\">13.09.2016<br \/>\nTag 1<\/a><\/span><\/td>\n<td><span style=\"font-size: small;\">HH-Harburg<\/span><\/td>\n<td><span style=\"font-size: small;\">Villingen \/ Schwenningen per Bahn, per Rad bis Rottweil JuHe<\/span><\/td>\n<td align=\"right\"><span style=\"font-size: small;\">30,43<\/span><\/td>\n<td align=\"right\"><span style=\"font-size: small;\">30,43<\/span><\/td>\n<td align=\"right\"><span style=\"font-size: small;\">02:01:34<\/span><\/td>\n<td align=\"right\"><span style=\"font-size: small;\">15,0<\/span><\/td>\n<td align=\"right\"><span style=\"font-size: small;\">45,7<\/span><\/td>\n<td align=\"right\"><span style=\"font-size: small;\">197<\/span><\/td>\n<\/tr>\n<tr>\n<td height=\"20\"><a href=\"https:\/\/www.auf2raedern.de\/wordpress\/radwanderungen\/neckartalradweg-und-teil-des-rheinradwegs-2016\/zweiter-tag-mittwoch-14-09-2016\/\"><span style=\"font-size: small;\">14.09.2016<br \/>\nTag 2<\/span><\/a><\/td>\n<td><span style=\"font-size: small;\">Rottweil<\/span><\/td>\n<td><span style=\"font-size: small;\">Rottenburg<\/span><\/td>\n<td align=\"right\"><span style=\"font-size: small;\">82,03<\/span><\/td>\n<td align=\"right\"><span style=\"font-size: small;\">112,46<\/span><\/td>\n<td align=\"right\"><span style=\"font-size: small;\">05:00:34<\/span><\/td>\n<td align=\"right\"><span style=\"font-size: small;\">16,4<\/span><\/td>\n<td align=\"right\"><span style=\"font-size: small;\">49,5<\/span><\/td>\n<td align=\"right\"><span style=\"font-size: small;\">564<\/span><\/td>\n<\/tr>\n<tr>\n<td height=\"20\"><span style=\"font-size: small;\"><a href=\"https:\/\/www.auf2raedern.de\/wordpress\/radwanderungen\/neckartalradweg-und-teil-des-rheinradwegs-2016\/dritter-tag-donnerstag-15-09-2016\/\" name=\"Tag3\">15.09.2016, Tag 3<\/a><\/span><\/td>\n<td><span style=\"font-size: small;\">Rottenburg<\/span><\/td>\n<td><span style=\"font-size: small;\">Wernau<\/span><\/td>\n<td align=\"right\"><span style=\"font-size: small;\">80,96<\/span><\/td>\n<td align=\"right\"><span style=\"font-size: small;\">193,42<\/span><\/td>\n<td align=\"right\"><span style=\"font-size: small;\">04:54:31<\/span><\/td>\n<td align=\"right\"><span style=\"font-size: small;\">16,5<\/span><\/td>\n<td align=\"right\"><span style=\"font-size: small;\">56,1<\/span><\/td>\n<td align=\"right\"><span style=\"font-size: small;\">819<\/span><\/td>\n<\/tr>\n<tr>\n<td height=\"20\"><span style=\"font-size: small;\"><a href=\"https:\/\/www.auf2raedern.de\/wordpress\/radwanderungen\/neckartalradweg-und-teil-des-rheinradwegs-2016\/vierter-tag-freitag-16-09-2016\/\" name=\"Tag4\">16.09.2016, Tag 4<\/a><\/span><\/td>\n<td><span style=\"font-size: small;\">Wernau<\/span><\/td>\n<td><span style=\"font-size: small;\">Besigheim<\/span><\/td>\n<td align=\"right\"><span style=\"font-size: small;\">89,11<\/span><\/td>\n<td align=\"right\"><span style=\"font-size: small;\">282,53<\/span><\/td>\n<td align=\"right\"><span style=\"font-size: small;\">05:17:30<\/span><\/td>\n<td align=\"right\"><span style=\"font-size: small;\">16,8<\/span><\/td>\n<td align=\"right\"><span style=\"font-size: small;\">39,0<\/span><\/td>\n<td align=\"right\"><span style=\"font-size: small;\">455<\/span><\/td>\n<\/tr>\n<tr>\n<td height=\"20\"><span style=\"font-size: small;\"><a href=\"https:\/\/www.auf2raedern.de\/wordpress\/radwanderungen\/neckartalradweg-und-teil-des-rheinradwegs-2016\/fuenfter-tag-sonnabend-17-09-2016\/\" name=\"Tag5\">17.09.2016, Tag 5<\/a><\/span><\/td>\n<td><span style=\"font-size: small;\">Besigheim<\/span><\/td>\n<td><span style=\"font-size: small;\">Gundelsheim<\/span><\/td>\n<td align=\"right\"><span style=\"font-size: small;\">58,3<\/span><\/td>\n<td align=\"right\"><span style=\"font-size: small;\">340,83<\/span><\/td>\n<td align=\"right\"><span style=\"font-size: small;\">05:32:48<\/span><\/td>\n<td align=\"right\"><span style=\"font-size: small;\">14,7<\/span><\/td>\n<td align=\"right\"><span style=\"font-size: small;\">46,8<\/span><\/td>\n<td align=\"right\"><span style=\"font-size: small;\">368<\/span><\/td>\n<\/tr>\n<tr>\n<td height=\"20\"><span style=\"font-size: small;\"><a href=\"https:\/\/www.auf2raedern.de\/wordpress\/radwanderungen\/neckartalradweg-und-teil-des-rheinradwegs-2016\/sechster-tag-sonntag-18-09-2016\/\" name=\"Tag6\">18.09.2016,<br \/>\nTag 6<\/a><\/span><\/td>\n<td><span style=\"font-size: small;\">Gundelsheim<\/span><\/td>\n<td><span style=\"font-size: small;\">Heidelberg<\/span><\/td>\n<td align=\"right\"><span style=\"font-size: small;\">77,8<\/span><\/td>\n<td align=\"right\"><span style=\"font-size: small;\">418,63<\/span><\/td>\n<td align=\"right\"><span style=\"font-size: small;\">05:15:29<\/span><\/td>\n<td align=\"right\"><span style=\"font-size: small;\">14,8<\/span><\/td>\n<td align=\"right\"><span style=\"font-size: small;\">46,6<\/span><\/td>\n<td align=\"right\"><span style=\"font-size: small;\">424<\/span><\/td>\n<\/tr>\n<tr>\n<td height=\"20\"><span style=\"font-size: small;\"><a href=\"https:\/\/www.auf2raedern.de\/wordpress\/radwanderungen\/neckartalradweg-und-teil-des-rheinradwegs-2016\/siebter-tag-montag-19-09-2016\/\" name=\"Tag7\">19.09.2016, Tag 7<\/a><\/span><\/td>\n<td><span style=\"font-size: small;\">Heidelberg<\/span><\/td>\n<td><span style=\"font-size: small;\">Mannheim<br \/>\nNeckarm\u00fcndung<br \/>\n<\/span><\/td>\n<td align=\"right\"><span style=\"font-size: small;\">29,79<\/span><\/td>\n<td align=\"right\"><span style=\"font-size: small;\">448,42<\/span><\/td>\n<td align=\"right\"><span style=\"font-size: small;\">01:54:13<\/span><\/td>\n<td align=\"right\"><span style=\"font-size: small;\">15,6<\/span><\/td>\n<td align=\"right\"><span style=\"font-size: small;\">29,7<\/span><\/td>\n<td align=\"right\"><span style=\"font-size: small;\">119<\/span><\/td>\n<\/tr>\n<tr>\n<td height=\"20\"><span style=\"font-size: small;\"><a href=\"https:\/\/www.auf2raedern.de\/wordpress\/radwanderungen\/neckartalradweg-und-teil-des-rheinradwegs-2016\/achter-tag-dienstag-20-09-2016\/\" name=\"Tag4\">20.09.2016, Tag 8<\/a><\/span><\/td>\n<td><span style=\"font-size: small;\">Nierstein<\/span><\/td>\n<td><span style=\"font-size: small;\">St. Goar<br \/>\n<\/span><\/td>\n<td align=\"right\"><span style=\"font-size: small;\">93,71<\/span><\/td>\n<td align=\"right\"><span style=\"font-size: small;\">611.37<\/span><\/td>\n<td align=\"right\"><span style=\"font-size: small;\">05:58:04<\/span><\/td>\n<td align=\"right\"><span style=\"font-size: small;\">15,7<\/span><\/td>\n<td align=\"right\"><span style=\"font-size: small;\">51,8<\/span><\/td>\n<td align=\"right\"><span style=\"font-size: small;\">450<\/span><\/td>\n<\/tr>\n<tr>\n<td height=\"20\"><a href=\"https:\/\/www.auf2raedern.de\/wordpress\/radwanderungen\/neckartalradweg-und-teil-des-rheinradwegs-2016\/neunter-tag-und-abreise-mittwoch-21-09-2016\/\"><span style=\"font-size: small;\">21.09.2016, Tag 9<\/span><\/a><\/td>\n<td><span style=\"font-size: small;\">St. Goar<br \/>\n<\/span><\/td>\n<td><span style=\"font-size: small;\">Koblenz<\/span><\/td>\n<td align=\"right\"><span style=\"font-size: small;\">40,06<\/span><\/td>\n<td align=\"right\"><span style=\"font-size: small;\">651,43<\/span><\/td>\n<td align=\"right\"><span style=\"font-size: small;\">02:28:50<\/span><\/td>\n<td align=\"right\"><span style=\"font-size: small;\">16,1<\/span><\/td>\n<td align=\"right\"><span style=\"font-size: small;\">33,3<\/span><\/td>\n<td align=\"right\"><span style=\"font-size: small;\">104<\/span><\/td>\n<\/tr>\n<tr>\n<td height=\"20\">\n<h3><strong><span style=\"font-size: small;\">Summen<br \/>\n<\/span><\/strong><\/h3>\n<\/td>\n<td><\/td>\n<td><\/td>\n<td style=\"text-align: left;\" align=\"right\"><strong>651,43<\/strong><\/td>\n<td align=\"right\"><\/td>\n<td style=\"text-align: left;\" align=\"right\"><strong>42:41:18<\/strong><\/td>\n<td align=\"right\"><\/td>\n<td align=\"right\"><\/td>\n<td style=\"text-align: left;\" align=\"right\"><strong>3704<\/strong><\/td>\n<td align=\"right\"><\/td>\n<td><\/td>\n<\/tr>\n<\/tbody>\n<\/table>\n<p><strong>Durchschnittskilometer<\/strong><br \/>\npro Tag (inkl. Aneisetag und Abreisetag): <strong>72,4<\/strong><\/p>\n<p><strong>Geschwindigkeit<\/strong><br \/>\nim Schnitt ohne Sightseeing T\u00fcbingen (nur zu Fu\u00df): <strong>15,43 km\/h,<\/strong><br \/>\n<strong>ohne Stress<\/strong> mit Ansehen <strong>einzelner Sehensw\u00fcrdigkeiten<\/strong> und Pausen und inklusive der <strong>Langsamfahrstrecken <\/strong>(z.B. Stadtrundfahrten, aber auch Sand- und Schotterwege).<\/p>\n<p><span style=\"font-size: small;\"><strong>Gewichte der Radtaschen (Rainer):<br \/>\nVL 4,0 kg, VR 4,4 kg, HL 6,2 kg, HR 3,9 kg,<br \/>\nLenkertasche 1,6 kg, Ortlieb-Rolle klein 3,0 kg, macht zusammen 24,1 kg Gep\u00e4ck<br \/>\n<\/strong><\/span><\/p>\n<p><span style=\"font-size: small;\"><strong>Wetter:<\/strong> 6 Tage Sonne, 2 Tage bedeckt, 1 Dreivierteltag Regen<br \/>\n<strong>Wege: <\/strong>zu 80 % gut, ca. 20%\u00a0 gute Waldwege, gute Schotterwege<strong><br \/>\nAusschilderung:<\/strong> durchweg sehr gut, nur vereinzelte L\u00fccken<br \/>\n<\/span><\/p>\n<p><strong>Pannen<\/strong>: keine<br \/>\n<strong>St\u00fcrze<\/strong>: keine<\/p>\n<p><a href=\"https:\/\/www.auf2raedern.de\/wordpress\/radwanderungen\/neckartalradweg-und-teil-des-rheinradwegs-2016\/zweiter-tag-mittwoch-14-09-2016\/\"><span style=\"color: #0000ff;\"><em><strong>zum zweiten Tag<\/strong><\/em><\/span><\/a><\/p>\n<p>&nbsp;<\/p>\n","protected":false},"excerpt":{"rendered":"<p>Herzlich willkommen zur Radtour an Neckar und Rhein! Hinweise zu den in den einzelnen Tagesberichten enthaltenen Bildern und Karten: Durch Klick auf ein Bild l\u00e4sst sich dieses vergr\u00f6\u00dfern. Die Routen auf den Karten entsprechen unserer tats\u00e4chlich gefahrenen Strecke (aufgezeichnet durch &hellip; <a href=\"https:\/\/www.auf2raedern.de\/wordpress\/radwanderungen\/neckartalradweg-und-teil-des-rheinradwegs-2016\/\">Weiterlesen <span class=\"meta-nav\">&rarr;<\/span><\/a><\/p>\n","protected":false},"author":1,"featured_media":1772,"parent":24,"menu_order":9,"comment_status":"closed","ping_status":"closed","template":"","meta":{"footnotes":""},"class_list":["post-944","page","type-page","status-publish","has-post-thumbnail","hentry"],"_links":{"self":[{"href":"https:\/\/www.auf2raedern.de\/wordpress\/wp-json\/wp\/v2\/pages\/944","targetHints":{"allow":["GET"]}}],"collection":[{"href":"https:\/\/www.auf2raedern.de\/wordpress\/wp-json\/wp\/v2\/pages"}],"about":[{"href":"https:\/\/www.auf2raedern.de\/wordpress\/wp-json\/wp\/v2\/types\/page"}],"author":[{"embeddable":true,"href":"https:\/\/www.auf2raedern.de\/wordpress\/wp-json\/wp\/v2\/users\/1"}],"replies":[{"embeddable":true,"href":"https:\/\/www.auf2raedern.de\/wordpress\/wp-json\/wp\/v2\/comments?post=944"}],"version-history":[{"count":34,"href":"https:\/\/www.auf2raedern.de\/wordpress\/wp-json\/wp\/v2\/pages\/944\/revisions"}],"predecessor-version":[{"id":1739,"href":"https:\/\/www.auf2raedern.de\/wordpress\/wp-json\/wp\/v2\/pages\/944\/revisions\/1739"}],"up":[{"embeddable":true,"href":"https:\/\/www.auf2raedern.de\/wordpress\/wp-json\/wp\/v2\/pages\/24"}],"wp:featuredmedia":[{"embeddable":true,"href":"https:\/\/www.auf2raedern.de\/wordpress\/wp-json\/wp\/v2\/media\/1772"}],"wp:attachment":[{"href":"https:\/\/www.auf2raedern.de\/wordpress\/wp-json\/wp\/v2\/media?parent=944"}],"curies":[{"name":"wp","href":"https:\/\/api.w.org\/{rel}","templated":true}]}}